{"id":1102,"date":"2026-03-12T11:38:46","date_gmt":"2026-03-12T14:38:46","guid":{"rendered":"https:\/\/heilenpharma.com\/?page_id=1102"},"modified":"2026-03-17T13:12:13","modified_gmt":"2026-03-17T16:12:13","slug":"conheca-nossa-equipe","status":"publish","type":"page","link":"https:\/\/heilenpharma.com\/en\/conheca-nossa-equipe\/","title":{"rendered":"Conhe\u00e7a nossa equipe"},"content":{"rendered":"<div data-elementor-type=\"wp-page\" data-elementor-id=\"1102\" class=\"elementor elementor-1102\" data-elementor-post-type=\"page\">\n\t\t\t\t\t\t<section class=\"elementor-section elementor-top-section elementor-element elementor-element-1016059 elementor-section-boxed elementor-section-height-default elementor-section-height-default\" data-id=\"1016059\" data-element_type=\"section\" data-e-type=\"section\" data-settings=\"{&quot;background_background&quot;:&quot;classic&quot;}\">\n\t\t\t\t\t\t<div class=\"elementor-container elementor-column-gap-default\">\n\t\t\t\t\t<div class=\"elementor-column elementor-col-100 elementor-top-column elementor-element elementor-element-874dc89\" data-id=\"874dc89\" data-element_type=\"column\" data-e-type=\"column\">\n\t\t\t<div class=\"elementor-widget-wrap elementor-element-populated\">\n\t\t\t\t\t\t<div class=\"elementor-element elementor-element-a318de0 elementor-widget elementor-widget-heading\" data-id=\"a318de0\" data-element_type=\"widget\" data-e-type=\"widget\" data-widget_type=\"heading.default\">\n\t\t\t\t<div class=\"elementor-widget-container\">\n\t\t\t\t\t<div class=\"elementor-heading-title elementor-size-default\">hEILEN PHARMA<\/div>\t\t\t\t<\/div>\n\t\t\t\t<\/div>\n\t\t\t\t<div class=\"elementor-element elementor-element-5559307 elementor-widget elementor-widget-heading\" data-id=\"5559307\" data-element_type=\"widget\" data-e-type=\"widget\" data-widget_type=\"heading.default\">\n\t\t\t\t<div class=\"elementor-widget-container\">\n\t\t\t\t\t<h1 class=\"elementor-heading-title elementor-size-default\">Veja quem cuida de voc\u00ea<\/h1>\t\t\t\t<\/div>\n\t\t\t\t<\/div>\n\t\t\t\t\t<\/div>\n\t\t<\/div>\n\t\t\t\t\t<\/div>\n\t\t<\/section>\n\t\t\t\t<section class=\"elementor-section elementor-top-section elementor-element elementor-element-a835051 elementor-section-boxed elementor-section-height-default elementor-section-height-default\" data-id=\"a835051\" data-element_type=\"section\" data-e-type=\"section\">\n\t\t\t\t\t\t<div class=\"elementor-container elementor-column-gap-default\">\n\t\t\t\t\t<div class=\"elementor-column elementor-col-50 elementor-top-column elementor-element elementor-element-815eaae\" data-id=\"815eaae\" data-element_type=\"column\" data-e-type=\"column\">\n\t\t\t<div class=\"elementor-widget-wrap elementor-element-populated\">\n\t\t\t\t\t\t<div class=\"elementor-element elementor-element-f740500 elementor-widget elementor-widget-heading\" data-id=\"f740500\" data-element_type=\"widget\" data-e-type=\"widget\" data-widget_type=\"heading.default\">\n\t\t\t\t<div class=\"elementor-widget-container\">\n\t\t\t\t\t<div class=\"elementor-heading-title elementor-size-default\">Nossos valores<\/div>\t\t\t\t<\/div>\n\t\t\t\t<\/div>\n\t\t\t\t<div class=\"elementor-element elementor-element-9325ca4 elementor-widget elementor-widget-text-editor\" data-id=\"9325ca4\" data-element_type=\"widget\" data-e-type=\"widget\" data-widget_type=\"text-editor.default\">\n\t\t\t\t<div class=\"elementor-widget-container\">\n\t\t\t\t\t\t\t\t\t<p>Por tr\u00e1s de cada solu\u00e7\u00e3o, existe uma equipe dedicada a transformar conhecimento em cuidado.<\/p><p>Na Heilen Pharma, acreditamos que o acesso a tratamentos especializados come\u00e7a com pessoas comprometidas em fazer a diferen\u00e7a na vida de pacientes, m\u00e9dicos e institui\u00e7\u00f5es de sa\u00fade.<\/p>\t\t\t\t\t\t\t\t<\/div>\n\t\t\t\t<\/div>\n\t\t\t\t\t<\/div>\n\t\t<\/div>\n\t\t\t\t<div class=\"elementor-column elementor-col-50 elementor-top-column elementor-element elementor-element-e26a9a9\" data-id=\"e26a9a9\" data-element_type=\"column\" data-e-type=\"column\">\n\t\t\t<div class=\"elementor-widget-wrap elementor-element-populated\">\n\t\t\t\t\t\t<section class=\"elementor-section elementor-inner-section elementor-element elementor-element-40b58bf elementor-section-boxed elementor-section-height-default elementor-section-height-default\" data-id=\"40b58bf\" data-element_type=\"section\" data-e-type=\"section\">\n\t\t\t\t\t\t<div class=\"elementor-container elementor-column-gap-default\">\n\t\t\t\t\t<div class=\"elementor-column elementor-col-100 elementor-inner-column elementor-element elementor-element-15debbf\" data-id=\"15debbf\" data-element_type=\"column\" data-e-type=\"column\">\n\t\t\t<div class=\"elementor-widget-wrap\">\n\t\t\t\t\t\t\t<\/div>\n\t\t<\/div>\n\t\t\t\t\t<\/div>\n\t\t<\/section>\n\t\t\t\t<div class=\"elementor-element elementor-element-6e069fe elementor-widget elementor-widget-image\" data-id=\"6e069fe\" data-element_type=\"widget\" data-e-type=\"widget\" data-widget_type=\"image.default\">\n\t\t\t\t<div class=\"elementor-widget-container\">\n\t\t\t\t\t\t\t\t\t\t\t\t\t\t\t<img fetchpriority=\"high\" decoding=\"async\" width=\"800\" height=\"475\" src=\"https:\/\/heilenpharma.com\/wp-content\/uploads\/2026\/03\/HP-177-1024x608.png\" class=\"attachment-large size-large wp-image-1126\" alt=\"\" srcset=\"https:\/\/heilenpharma.com\/wp-content\/uploads\/2026\/03\/HP-177-1024x608.png 1024w, https:\/\/heilenpharma.com\/wp-content\/uploads\/2026\/03\/HP-177-300x178.png 300w, https:\/\/heilenpharma.com\/wp-content\/uploads\/2026\/03\/HP-177-768x456.png 768w, https:\/\/heilenpharma.com\/wp-content\/uploads\/2026\/03\/HP-177-1536x912.png 1536w, https:\/\/heilenpharma.com\/wp-content\/uploads\/2026\/03\/HP-177-2048x1215.png 2048w, https:\/\/heilenpharma.com\/wp-content\/uploads\/2026\/03\/HP-177-18x12.png 18w\" sizes=\"(max-width: 800px) 100vw, 800px\" \/>\t\t\t\t\t\t\t\t\t\t\t\t\t\t\t<\/div>\n\t\t\t\t<\/div>\n\t\t\t\t<div class=\"elementor-element elementor-element-a30423a elementor-widget__width-initial elementor-absolute animated-slow elementor-widget-tablet__width-auto elementor-widget-mobile__width-initial elementor-invisible elementor-widget elementor-widget-image\" data-id=\"a30423a\" data-element_type=\"widget\" data-e-type=\"widget\" data-settings=\"{&quot;motion_fx_motion_fx_mouse&quot;:&quot;yes&quot;,&quot;motion_fx_mouseTrack_effect&quot;:&quot;yes&quot;,&quot;motion_fx_mouseTrack_direction&quot;:&quot;negative&quot;,&quot;motion_fx_mouseTrack_speed&quot;:{&quot;unit&quot;:&quot;px&quot;,&quot;size&quot;:0.2,&quot;sizes&quot;:[]},&quot;_position&quot;:&quot;absolute&quot;,&quot;_animation&quot;:&quot;rotateInUpLeft&quot;}\" data-widget_type=\"image.default\">\n\t\t\t\t<div class=\"elementor-widget-container\">\n\t\t\t\t\t\t\t\t\t\t\t\t\t\t\t<img decoding=\"async\" width=\"244\" height=\"244\" src=\"https:\/\/heilenpharma.com\/wp-content\/uploads\/2022\/01\/bg-circle-smart.png\" class=\"attachment-full size-full wp-image-345\" alt=\"\" srcset=\"https:\/\/heilenpharma.com\/wp-content\/uploads\/2022\/01\/bg-circle-smart.png 244w, https:\/\/heilenpharma.com\/wp-content\/uploads\/2022\/01\/bg-circle-smart-150x150.png 150w, https:\/\/heilenpharma.com\/wp-content\/uploads\/2022\/01\/bg-circle-smart-12x12.png 12w\" sizes=\"(max-width: 244px) 100vw, 244px\" \/>\t\t\t\t\t\t\t\t\t\t\t\t\t\t\t<\/div>\n\t\t\t\t<\/div>\n\t\t\t\t<div class=\"elementor-element elementor-element-c7a5eac elementor-widget__width-initial elementor-absolute animated-slow elementor-widget-tablet__width-auto elementor-widget-mobile__width-initial elementor-invisible elementor-widget elementor-widget-image\" data-id=\"c7a5eac\" data-element_type=\"widget\" data-e-type=\"widget\" data-settings=\"{&quot;motion_fx_motion_fx_mouse&quot;:&quot;yes&quot;,&quot;motion_fx_mouseTrack_effect&quot;:&quot;yes&quot;,&quot;motion_fx_mouseTrack_direction&quot;:&quot;negative&quot;,&quot;motion_fx_mouseTrack_speed&quot;:{&quot;unit&quot;:&quot;px&quot;,&quot;size&quot;:0.2,&quot;sizes&quot;:[]},&quot;_position&quot;:&quot;absolute&quot;,&quot;_animation&quot;:&quot;rotateInUpLeft&quot;}\" data-widget_type=\"image.default\">\n\t\t\t\t<div class=\"elementor-widget-container\">\n\t\t\t\t\t\t\t\t\t\t\t\t\t\t\t<img decoding=\"async\" width=\"244\" height=\"244\" src=\"https:\/\/heilenpharma.com\/wp-content\/uploads\/2022\/01\/bg-circle-smart.png\" class=\"attachment-full size-full wp-image-345\" alt=\"\" srcset=\"https:\/\/heilenpharma.com\/wp-content\/uploads\/2022\/01\/bg-circle-smart.png 244w, https:\/\/heilenpharma.com\/wp-content\/uploads\/2022\/01\/bg-circle-smart-150x150.png 150w, https:\/\/heilenpharma.com\/wp-content\/uploads\/2022\/01\/bg-circle-smart-12x12.png 12w\" sizes=\"(max-width: 244px) 100vw, 244px\" \/>\t\t\t\t\t\t\t\t\t\t\t\t\t\t\t<\/div>\n\t\t\t\t<\/div>\n\t\t\t\t<div class=\"elementor-element elementor-element-f18a311 elementor-widget__width-initial elementor-absolute animated-slow elementor-widget-tablet__width-auto elementor-widget-mobile__width-initial elementor-invisible elementor-widget elementor-widget-image\" data-id=\"f18a311\" data-element_type=\"widget\" data-e-type=\"widget\" data-settings=\"{&quot;motion_fx_motion_fx_mouse&quot;:&quot;yes&quot;,&quot;motion_fx_mouseTrack_effect&quot;:&quot;yes&quot;,&quot;motion_fx_mouseTrack_direction&quot;:&quot;negative&quot;,&quot;motion_fx_mouseTrack_speed&quot;:{&quot;unit&quot;:&quot;px&quot;,&quot;size&quot;:0.2,&quot;sizes&quot;:[]},&quot;_position&quot;:&quot;absolute&quot;,&quot;_animation&quot;:&quot;rotateInUpLeft&quot;}\" data-widget_type=\"image.default\">\n\t\t\t\t<div class=\"elementor-widget-container\">\n\t\t\t\t\t\t\t\t\t\t\t\t\t\t\t<img decoding=\"async\" width=\"244\" height=\"244\" src=\"https:\/\/heilenpharma.com\/wp-content\/uploads\/2022\/01\/bg-circle-smart.png\" class=\"attachment-full size-full wp-image-345\" alt=\"\" srcset=\"https:\/\/heilenpharma.com\/wp-content\/uploads\/2022\/01\/bg-circle-smart.png 244w, https:\/\/heilenpharma.com\/wp-content\/uploads\/2022\/01\/bg-circle-smart-150x150.png 150w, https:\/\/heilenpharma.com\/wp-content\/uploads\/2022\/01\/bg-circle-smart-12x12.png 12w\" sizes=\"(max-width: 244px) 100vw, 244px\" \/>\t\t\t\t\t\t\t\t\t\t\t\t\t\t\t<\/div>\n\t\t\t\t<\/div>\n\t\t\t\t\t<\/div>\n\t\t<\/div>\n\t\t\t\t\t<\/div>\n\t\t<\/section>\n\t\t\t\t<section class=\"elementor-section elementor-top-section elementor-element elementor-element-615d82a elementor-section-boxed elementor-section-height-default elementor-section-height-default\" data-id=\"615d82a\" data-element_type=\"section\" data-e-type=\"section\">\n\t\t\t\t\t\t<div class=\"elementor-container elementor-column-gap-default\">\n\t\t\t\t\t<div class=\"elementor-column elementor-col-50 elementor-top-column elementor-element elementor-element-ecd1a43\" data-id=\"ecd1a43\" data-element_type=\"column\" data-e-type=\"column\">\n\t\t\t<div class=\"elementor-widget-wrap elementor-element-populated\">\n\t\t\t\t\t\t<div class=\"elementor-element elementor-element-0a202ed elementor-widget elementor-widget-heading\" data-id=\"0a202ed\" data-element_type=\"widget\" data-e-type=\"widget\" data-widget_type=\"heading.default\">\n\t\t\t\t<div class=\"elementor-widget-container\">\n\t\t\t\t\t<div class=\"elementor-heading-title elementor-size-default\">Quem est\u00e1 a frente<\/div>\t\t\t\t<\/div>\n\t\t\t\t<\/div>\n\t\t\t\t<div class=\"elementor-element elementor-element-627ef82 elementor-widget elementor-widget-text-editor\" data-id=\"627ef82\" data-element_type=\"widget\" data-e-type=\"widget\" data-widget_type=\"text-editor.default\">\n\t\t\t\t<div class=\"elementor-widget-container\">\n\t\t\t\t\t\t\t\t\t<p>Nossa equipe \u00e9 formada por profissionais que atuam com responsabilidade, conhecimento t\u00e9cnico e aten\u00e7\u00e3o aos detalhes em cada etapa do processo. Do relacionamento com parceiros \u00e0 gest\u00e3o log\u00edstica e regulat\u00f3ria, cada \u00e1rea trabalha com um objetivo em comum: tornar poss\u00edvel o acesso a tratamentos que fazem diferen\u00e7a na vida das pessoas.<\/p><p>Mais do que experi\u00eancia, valorizamos a colabora\u00e7\u00e3o, a \u00e9tica e o compromisso com a sa\u00fade.<\/p>\t\t\t\t\t\t\t\t<\/div>\n\t\t\t\t<\/div>\n\t\t\t\t\t<\/div>\n\t\t<\/div>\n\t\t\t\t<div class=\"elementor-column elementor-col-50 elementor-top-column elementor-element elementor-element-fd8e2b5\" data-id=\"fd8e2b5\" data-element_type=\"column\" data-e-type=\"column\">\n\t\t\t<div class=\"elementor-widget-wrap elementor-element-populated\">\n\t\t\t\t\t\t<div class=\"elementor-element elementor-element-ef8d9d6 elementor-widget elementor-widget-image\" data-id=\"ef8d9d6\" data-element_type=\"widget\" data-e-type=\"widget\" data-widget_type=\"image.default\">\n\t\t\t\t<div class=\"elementor-widget-container\">\n\t\t\t\t\t\t\t\t\t\t\t\t\t\t\t<img decoding=\"async\" width=\"800\" height=\"450\" src=\"https:\/\/heilenpharma.com\/wp-content\/uploads\/2026\/03\/HP-479-81-1024x576.png\" class=\"attachment-large size-large wp-image-1145\" alt=\"\" srcset=\"https:\/\/heilenpharma.com\/wp-content\/uploads\/2026\/03\/HP-479-81-1024x576.png 1024w, https:\/\/heilenpharma.com\/wp-content\/uploads\/2026\/03\/HP-479-81-300x169.png 300w, https:\/\/heilenpharma.com\/wp-content\/uploads\/2026\/03\/HP-479-81-768x432.png 768w, https:\/\/heilenpharma.com\/wp-content\/uploads\/2026\/03\/HP-479-81-1536x863.png 1536w, https:\/\/heilenpharma.com\/wp-content\/uploads\/2026\/03\/HP-479-81-2048x1151.png 2048w, https:\/\/heilenpharma.com\/wp-content\/uploads\/2026\/03\/HP-479-81-18x10.png 18w\" sizes=\"(max-width: 800px) 100vw, 800px\" \/>\t\t\t\t\t\t\t\t\t\t\t\t\t\t\t<\/div>\n\t\t\t\t<\/div>\n\t\t\t\t\t<\/div>\n\t\t<\/div>\n\t\t\t\t\t<\/div>\n\t\t<\/section>\n\t\t\t\t<\/div>","protected":false},"excerpt":{"rendered":"<p>hEILEN PHARMA Veja quem cuida de voc\u00ea Nossos valores Por tr\u00e1s de cada solu\u00e7\u00e3o, existe uma equipe dedicada a transformar conhecimento em cuidado. Na Heilen Pharma, acreditamos que o acesso a tratamentos especializados come\u00e7a com pessoas comprometidas em fazer a diferen\u00e7a na vida de pacientes, m\u00e9dicos e institui\u00e7\u00f5es de sa\u00fade. Quem est\u00e1 a frente Nossa [&hellip;]<\/p>","protected":false},"author":3,"featured_media":0,"parent":0,"menu_order":0,"comment_status":"closed","ping_status":"closed","template":"elementor_header_footer","meta":{"_joinchat":[],"footnotes":""},"class_list":["post-1102","page","type-page","status-publish","hentry"],"_links":{"self":[{"href":"https:\/\/heilenpharma.com\/en\/wp-json\/wp\/v2\/pages\/1102","targetHints":{"allow":["GET"]}}],"collection":[{"href":"https:\/\/heilenpharma.com\/en\/wp-json\/wp\/v2\/pages"}],"about":[{"href":"https:\/\/heilenpharma.com\/en\/wp-json\/wp\/v2\/types\/page"}],"author":[{"embeddable":true,"href":"https:\/\/heilenpharma.com\/en\/wp-json\/wp\/v2\/users\/3"}],"replies":[{"embeddable":true,"href":"https:\/\/heilenpharma.com\/en\/wp-json\/wp\/v2\/comments?post=1102"}],"version-history":[{"count":190,"href":"https:\/\/heilenpharma.com\/en\/wp-json\/wp\/v2\/pages\/1102\/revisions"}],"predecessor-version":[{"id":1319,"href":"https:\/\/heilenpharma.com\/en\/wp-json\/wp\/v2\/pages\/1102\/revisions\/1319"}],"wp:attachment":[{"href":"https:\/\/heilenpharma.com\/en\/wp-json\/wp\/v2\/media?parent=1102"}],"curies":[{"name":"wp","href":"https:\/\/api.w.org\/{rel}","templated":true}]}}